{"id":28,"date":"2020-10-27T11:46:53","date_gmt":"2020-10-27T10:46:53","guid":{"rendered":"http:\/\/ins-imprimerie.com\/ins-2020\/?page_id=28"},"modified":"2021-02-04T21:53:09","modified_gmt":"2021-02-04T20:53:09","slug":"nos-realisations","status":"publish","type":"page","link":"https:\/\/ins-imprimerie.com\/ins-2020\/nos-realisations\/","title":{"rendered":"Nos r\u00e9alisations"},"content":{"rendered":"\t\t<div data-elementor-type=\"wp-page\" data-elementor-id=\"28\" class=\"elementor elementor-28\">\n\t\t\t\t\t\t<section class=\"elementor-section elementor-top-section elementor-element elementor-element-7925040e elementor-section-content-middle elementor-section-boxed elementor-section-height-default elementor-section-height-default\" data-id=\"7925040e\" data-element_type=\"section\">\n\t\t\t\t\t\t<div class=\"elementor-container elementor-column-gap-no\">\n\t\t\t\t\t<div class=\"elementor-column elementor-col-100 elementor-top-column elementor-element elementor-element-1a6a7076\" data-id=\"1a6a7076\" data-element_type=\"column\">\n\t\t\t<div class=\"elementor-widget-wrap elementor-element-populated\">\n\t\t\t\t\t\t<div class=\"elementor-element elementor-element-1d39e183 elementor-widget elementor-widget-heading\" data-id=\"1d39e183\" data-element_type=\"widget\" data-widget_type=\"heading.default\">\n\t\t\t\t<div class=\"elementor-widget-container\">\n\t\t\t\t\t<h4 class=\"elementor-heading-title elementor-size-default\">D\u00e9couvrez nos r\u00e9alisations<\/h4>\t\t\t\t<\/div>\n\t\t\t\t<\/div>\n\t\t\t\t<div class=\"elementor-element elementor-element-5cd54477 elementor-widget elementor-widget-heading\" data-id=\"5cd54477\" data-element_type=\"widget\" data-widget_type=\"heading.default\">\n\t\t\t\t<div class=\"elementor-widget-container\">\n\t\t\t\t\t<h5 class=\"elementor-heading-title elementor-size-default\">Cliquez sur une des cat\u00e9gories pour voir nos r\u00e9alisations.<\/h5>\t\t\t\t<\/div>\n\t\t\t\t<\/div>\n\t\t\t\t<section class=\"elementor-section elementor-inner-section elementor-element elementor-element-4bfa3621 elementor-section-content-middle elementor-section-boxed elementor-section-height-default elementor-section-height-default\" data-id=\"4bfa3621\" data-element_type=\"section\">\n\t\t\t\t\t\t<div class=\"elementor-container elementor-column-gap-no\">\n\t\t\t\t\t<div class=\"elementor-column elementor-col-50 elementor-inner-column elementor-element elementor-element-65c2e648\" data-id=\"65c2e648\" data-element_type=\"column\">\n\t\t\t<div class=\"elementor-widget-wrap elementor-element-populated\">\n\t\t\t\t\t\t<div class=\"elementor-element elementor-element-31cb1e2a elementor-position-top elementor-widget elementor-widget-image-box\" data-id=\"31cb1e2a\" data-element_type=\"widget\" data-widget_type=\"image-box.default\">\n\t\t\t\t<div class=\"elementor-widget-container\">\n\t\t\t\t\t<div class=\"elementor-image-box-wrapper\"><figure class=\"elementor-image-box-img\"><a href=\"https:\/\/ins-imprimerie.com\/ins-2020\/vitrine-3\/\" tabindex=\"-1\"><img fetchpriority=\"high\" decoding=\"async\" width=\"846\" height=\"846\" src=\"https:\/\/ins-imprimerie.com\/ins-2020\/wp-content\/uploads\/2021\/01\/Fichier-18@2x-100.jpg\" class=\"elementor-animation-grow attachment-full size-full wp-image-2914\" alt=\"\" srcset=\"https:\/\/ins-imprimerie.com\/ins-2020\/wp-content\/uploads\/2021\/01\/Fichier-18@2x-100.jpg 846w, https:\/\/ins-imprimerie.com\/ins-2020\/wp-content\/uploads\/2021\/01\/Fichier-18@2x-100-300x300.jpg 300w, https:\/\/ins-imprimerie.com\/ins-2020\/wp-content\/uploads\/2021\/01\/Fichier-18@2x-100-150x150.jpg 150w, https:\/\/ins-imprimerie.com\/ins-2020\/wp-content\/uploads\/2021\/01\/Fichier-18@2x-100-768x768.jpg 768w\" sizes=\"(max-width: 846px) 100vw, 846px\" \/><\/a><\/figure><div class=\"elementor-image-box-content\"><h3 class=\"elementor-image-box-title\"><a href=\"https:\/\/ins-imprimerie.com\/ins-2020\/vitrine-3\/\">Sc\u00e9nographie<\/a><\/h3><\/div><\/div>\t\t\t\t<\/div>\n\t\t\t\t<\/div>\n\t\t\t\t\t<\/div>\n\t\t<\/div>\n\t\t\t\t<div class=\"elementor-column elementor-col-50 elementor-inner-column elementor-element elementor-element-688a68af\" data-id=\"688a68af\" data-element_type=\"column\">\n\t\t\t<div class=\"elementor-widget-wrap elementor-element-populated\">\n\t\t\t\t\t\t<div class=\"elementor-element elementor-element-279845ee elementor-position-top elementor-widget elementor-widget-image-box\" data-id=\"279845ee\" data-element_type=\"widget\" data-widget_type=\"image-box.default\">\n\t\t\t\t<div class=\"elementor-widget-container\">\n\t\t\t\t\t<div class=\"elementor-image-box-wrapper\"><figure class=\"elementor-image-box-img\"><a href=\"https:\/\/ins-imprimerie.com\/ins-2020\/habillage-vehicule\/\" tabindex=\"-1\"><img decoding=\"async\" width=\"2560\" height=\"2554\" src=\"https:\/\/ins-imprimerie.com\/ins-2020\/wp-content\/uploads\/2021\/02\/20200921_104825-scaled.jpg\" class=\"elementor-animation-grow attachment-full size-full wp-image-3038\" alt=\"\" srcset=\"https:\/\/ins-imprimerie.com\/ins-2020\/wp-content\/uploads\/2021\/02\/20200921_104825-scaled.jpg 2560w, https:\/\/ins-imprimerie.com\/ins-2020\/wp-content\/uploads\/2021\/02\/20200921_104825-300x300.jpg 300w, https:\/\/ins-imprimerie.com\/ins-2020\/wp-content\/uploads\/2021\/02\/20200921_104825-1024x1022.jpg 1024w, https:\/\/ins-imprimerie.com\/ins-2020\/wp-content\/uploads\/2021\/02\/20200921_104825-150x150.jpg 150w, https:\/\/ins-imprimerie.com\/ins-2020\/wp-content\/uploads\/2021\/02\/20200921_104825-768x766.jpg 768w, https:\/\/ins-imprimerie.com\/ins-2020\/wp-content\/uploads\/2021\/02\/20200921_104825-1536x1533.jpg 1536w, https:\/\/ins-imprimerie.com\/ins-2020\/wp-content\/uploads\/2021\/02\/20200921_104825-2048x2044.jpg 2048w, https:\/\/ins-imprimerie.com\/ins-2020\/wp-content\/uploads\/2021\/02\/20200921_104825-1082x1080.jpg 1082w\" sizes=\"(max-width: 2560px) 100vw, 2560px\" \/><\/a><\/figure><div class=\"elementor-image-box-content\"><h3 class=\"elementor-image-box-title\"><a href=\"https:\/\/ins-imprimerie.com\/ins-2020\/habillage-vehicule\/\">Habillage de v\u00e9hicules<\/a><\/h3><\/div><\/div>\t\t\t\t<\/div>\n\t\t\t\t<\/div>\n\t\t\t\t\t<\/div>\n\t\t<\/div>\n\t\t\t\t\t<\/div>\n\t\t<\/section>\n\t\t\t\t<section class=\"elementor-section elementor-inner-section elementor-element elementor-element-c0ee006 elementor-section-content-middle elementor-section-boxed elementor-section-height-default elementor-section-height-default\" data-id=\"c0ee006\" data-element_type=\"section\">\n\t\t\t\t\t\t<div class=\"elementor-container elementor-column-gap-no\">\n\t\t\t\t\t<div class=\"elementor-column elementor-col-50 elementor-inner-column elementor-element elementor-element-1fbe3a5\" data-id=\"1fbe3a5\" data-element_type=\"column\">\n\t\t\t<div class=\"elementor-widget-wrap elementor-element-populated\">\n\t\t\t\t\t\t<div class=\"elementor-element elementor-element-0fe5786 elementor-position-top elementor-widget elementor-widget-image-box\" data-id=\"0fe5786\" data-element_type=\"widget\" data-widget_type=\"image-box.default\">\n\t\t\t\t<div class=\"elementor-widget-container\">\n\t\t\t\t\t<div class=\"elementor-image-box-wrapper\"><figure class=\"elementor-image-box-img\"><a href=\"https:\/\/ins-imprimerie.com\/ins-2020\/amenagement-interieur\/\" tabindex=\"-1\"><img decoding=\"async\" width=\"846\" height=\"846\" src=\"https:\/\/ins-imprimerie.com\/ins-2020\/wp-content\/uploads\/2021\/01\/Fichier-22@2x-100.jpg\" class=\"elementor-animation-grow attachment-full size-full wp-image-2925\" alt=\"\" srcset=\"https:\/\/ins-imprimerie.com\/ins-2020\/wp-content\/uploads\/2021\/01\/Fichier-22@2x-100.jpg 846w, https:\/\/ins-imprimerie.com\/ins-2020\/wp-content\/uploads\/2021\/01\/Fichier-22@2x-100-300x300.jpg 300w, https:\/\/ins-imprimerie.com\/ins-2020\/wp-content\/uploads\/2021\/01\/Fichier-22@2x-100-150x150.jpg 150w, https:\/\/ins-imprimerie.com\/ins-2020\/wp-content\/uploads\/2021\/01\/Fichier-22@2x-100-768x768.jpg 768w\" sizes=\"(max-width: 846px) 100vw, 846px\" \/><\/a><\/figure><div class=\"elementor-image-box-content\"><h3 class=\"elementor-image-box-title\"><a href=\"https:\/\/ins-imprimerie.com\/ins-2020\/amenagement-interieur\/\">Am\u00e9nagement structurel<\/a><\/h3><\/div><\/div>\t\t\t\t<\/div>\n\t\t\t\t<\/div>\n\t\t\t\t\t<\/div>\n\t\t<\/div>\n\t\t\t\t<div class=\"elementor-column elementor-col-50 elementor-inner-column elementor-element elementor-element-d0e4201\" data-id=\"d0e4201\" data-element_type=\"column\">\n\t\t\t<div class=\"elementor-widget-wrap elementor-element-populated\">\n\t\t\t\t\t\t<div class=\"elementor-element elementor-element-4e174ab elementor-position-top elementor-widget elementor-widget-image-box\" data-id=\"4e174ab\" data-element_type=\"widget\" data-widget_type=\"image-box.default\">\n\t\t\t\t<div class=\"elementor-widget-container\">\n\t\t\t\t\t<div class=\"elementor-image-box-wrapper\"><figure class=\"elementor-image-box-img\"><a href=\"https:\/\/ins-imprimerie.com\/ins-2020\/nos-realisations\/plv\/\" tabindex=\"-1\"><img loading=\"lazy\" decoding=\"async\" width=\"2560\" height=\"2556\" src=\"https:\/\/ins-imprimerie.com\/ins-2020\/wp-content\/uploads\/2021\/02\/IMG_6641-1-scaled.jpeg\" class=\"elementor-animation-grow attachment-full size-full wp-image-3221\" alt=\"\" srcset=\"https:\/\/ins-imprimerie.com\/ins-2020\/wp-content\/uploads\/2021\/02\/IMG_6641-1-scaled.jpeg 2560w, https:\/\/ins-imprimerie.com\/ins-2020\/wp-content\/uploads\/2021\/02\/IMG_6641-1-300x300.jpeg 300w, https:\/\/ins-imprimerie.com\/ins-2020\/wp-content\/uploads\/2021\/02\/IMG_6641-1-150x150.jpeg 150w, https:\/\/ins-imprimerie.com\/ins-2020\/wp-content\/uploads\/2021\/02\/IMG_6641-1-768x767.jpeg 768w, https:\/\/ins-imprimerie.com\/ins-2020\/wp-content\/uploads\/2021\/02\/IMG_6641-1-1536x1534.jpeg 1536w, https:\/\/ins-imprimerie.com\/ins-2020\/wp-content\/uploads\/2021\/02\/IMG_6641-1-2048x2045.jpeg 2048w, https:\/\/ins-imprimerie.com\/ins-2020\/wp-content\/uploads\/2021\/02\/IMG_6641-1-1024x1023.jpeg 1024w, https:\/\/ins-imprimerie.com\/ins-2020\/wp-content\/uploads\/2021\/02\/IMG_6641-1-1082x1080.jpeg 1082w\" sizes=\"(max-width: 2560px) 100vw, 2560px\" \/><\/a><\/figure><div class=\"elementor-image-box-content\"><h3 class=\"elementor-image-box-title\"><a href=\"https:\/\/ins-imprimerie.com\/ins-2020\/nos-realisations\/plv\/\">PLV<\/a><\/h3><\/div><\/div>\t\t\t\t<\/div>\n\t\t\t\t<\/div>\n\t\t\t\t\t<\/div>\n\t\t<\/div>\n\t\t\t\t\t<\/div>\n\t\t<\/section>\n\t\t\t\t\t<\/div>\n\t\t<\/div>\n\t\t\t\t\t<\/div>\n\t\t<\/section>\n\t\t\t\t<section class=\"elementor-section elementor-top-section elementor-element elementor-element-1f32df1d elementor-section-content-middle elementor-section-boxed elementor-section-height-default elementor-section-height-default\" data-id=\"1f32df1d\" data-element_type=\"section\">\n\t\t\t\t\t\t<div class=\"elementor-container elementor-column-gap-no\">\n\t\t\t\t\t<div class=\"elementor-column elementor-col-50 elementor-top-column elementor-element elementor-element-5e037b57\" data-id=\"5e037b57\" data-element_type=\"column\">\n\t\t\t<div class=\"elementor-widget-wrap elementor-element-populated\">\n\t\t\t\t\t\t<div class=\"elementor-element elementor-element-1fe6f674 elementor-widget elementor-widget-heading\" data-id=\"1fe6f674\" data-element_type=\"widget\" data-widget_type=\"heading.default\">\n\t\t\t\t<div class=\"elementor-widget-container\">\n\t\t\t\t\t<h3 class=\"elementor-heading-title elementor-size-default\">Envie de discuter d'un projet ensemble ?<\/h3>\t\t\t\t<\/div>\n\t\t\t\t<\/div>\n\t\t\t\t\t<\/div>\n\t\t<\/div>\n\t\t\t\t<div class=\"elementor-column elementor-col-50 elementor-top-column elementor-element elementor-element-a00c4ae\" data-id=\"a00c4ae\" data-element_type=\"column\">\n\t\t\t<div class=\"elementor-widget-wrap elementor-element-populated\">\n\t\t\t\t\t\t<div class=\"elementor-element elementor-element-1d3e383c elementor-align-right elementor-mobile-align-left elementor-widget elementor-widget-button\" data-id=\"1d3e383c\" data-element_type=\"widget\" data-widget_type=\"button.default\">\n\t\t\t\t<div class=\"elementor-widget-container\">\n\t\t\t\t\t\t\t\t\t<div class=\"elementor-button-wrapper\">\n\t\t\t\t\t<a class=\"elementor-button elementor-button-link elementor-size-sm elementor-animation-shrink\" href=\"https:\/\/ins-imprimerie.com\/ins-2020\/contact\/\">\n\t\t\t\t\t\t<span class=\"elementor-button-content-wrapper\">\n\t\t\t\t\t\t<span class=\"elementor-button-icon\">\n\t\t\t\t<i aria-hidden=\"true\" class=\"fas fa-angle-right\"><\/i>\t\t\t<\/span>\n\t\t\t\t\t\t\t\t\t<span class=\"elementor-button-text\">Devis gratuit<\/span>\n\t\t\t\t\t<\/span>\n\t\t\t\t\t<\/a>\n\t\t\t\t<\/div>\n\t\t\t\t\t\t\t\t<\/div>\n\t\t\t\t<\/div>\n\t\t\t\t\t<\/div>\n\t\t<\/div>\n\t\t\t\t\t<\/div>\n\t\t<\/section>\n\t\t\t\t<\/div>\n\t\t","protected":false},"excerpt":{"rendered":"<p>D\u00e9couvrez nos r\u00e9alisations Cliquez sur une des cat\u00e9gories pour voir nos r\u00e9alisations. Sc\u00e9nographie Habillage de v\u00e9hicules Am\u00e9nagement structurel PLV Envie de discuter d&rsquo;un projet ensemble ? Devis gratuit<\/p>\n","protected":false},"author":1,"featured_media":0,"parent":0,"menu_order":0,"comment_status":"closed","ping_status":"closed","template":"","meta":{"footnotes":""},"class_list":["post-28","page","type-page","status-publish","hentry"],"yoast_head":"<!-- This site is optimized with the Yoast SEO plugin v26.8 - https:\/\/yoast.com\/product\/yoast-seo-wordpress\/ -->\n<title>Nos r\u00e9alisations - INS imprimerie<\/title>\n<meta name=\"robots\" content=\"index, follow, max-snippet:-1, max-image-preview:large, max-video-preview:-1\" \/>\n<link rel=\"canonical\" href=\"https:\/\/ins-imprimerie.com\/ins-2020\/nos-realisations\/\" \/>\n<meta property=\"og:locale\" content=\"fr_FR\" \/>\n<meta property=\"og:type\" content=\"article\" \/>\n<meta property=\"og:title\" content=\"Nos r\u00e9alisations - INS imprimerie\" \/>\n<meta property=\"og:description\" content=\"D\u00e9couvrez nos r\u00e9alisations Cliquez sur une des cat\u00e9gories pour voir nos r\u00e9alisations. Sc\u00e9nographie Habillage de v\u00e9hicules Am\u00e9nagement structurel PLV Envie de discuter d&rsquo;un projet ensemble ? Devis gratuit\" \/>\n<meta property=\"og:url\" content=\"https:\/\/ins-imprimerie.com\/ins-2020\/nos-realisations\/\" \/>\n<meta property=\"og:site_name\" content=\"INS imprimerie\" \/>\n<meta property=\"article:publisher\" content=\"https:\/\/www.facebook.com\/ins.imprimerie\" \/>\n<meta property=\"article:modified_time\" content=\"2021-02-04T20:53:09+00:00\" \/>\n<meta property=\"og:image\" content=\"https:\/\/ins-imprimerie.com\/ins-2020\/wp-content\/uploads\/2021\/01\/Fichier-18@2x-100.jpg\" \/>\n\t<meta property=\"og:image:width\" content=\"846\" \/>\n\t<meta property=\"og:image:height\" content=\"846\" \/>\n\t<meta property=\"og:image:type\" content=\"image\/jpeg\" \/>\n<meta name=\"twitter:card\" content=\"summary_large_image\" \/>\n<script type=\"application\/ld+json\" class=\"yoast-schema-graph\">{\"@context\":\"https:\/\/schema.org\",\"@graph\":[{\"@type\":\"WebPage\",\"@id\":\"https:\/\/ins-imprimerie.com\/ins-2020\/nos-realisations\/\",\"url\":\"https:\/\/ins-imprimerie.com\/ins-2020\/nos-realisations\/\",\"name\":\"Nos r\u00e9alisations - INS imprimerie\",\"isPartOf\":{\"@id\":\"https:\/\/ins-imprimerie.com\/ins-2020\/#website\"},\"primaryImageOfPage\":{\"@id\":\"https:\/\/ins-imprimerie.com\/ins-2020\/nos-realisations\/#primaryimage\"},\"image\":{\"@id\":\"https:\/\/ins-imprimerie.com\/ins-2020\/nos-realisations\/#primaryimage\"},\"thumbnailUrl\":\"https:\/\/ins-imprimerie.com\/ins-2020\/wp-content\/uploads\/2021\/01\/Fichier-18@2x-100.jpg\",\"datePublished\":\"2020-10-27T10:46:53+00:00\",\"dateModified\":\"2021-02-04T20:53:09+00:00\",\"breadcrumb\":{\"@id\":\"https:\/\/ins-imprimerie.com\/ins-2020\/nos-realisations\/#breadcrumb\"},\"inLanguage\":\"fr-FR\",\"potentialAction\":[{\"@type\":\"ReadAction\",\"target\":[\"https:\/\/ins-imprimerie.com\/ins-2020\/nos-realisations\/\"]}]},{\"@type\":\"ImageObject\",\"inLanguage\":\"fr-FR\",\"@id\":\"https:\/\/ins-imprimerie.com\/ins-2020\/nos-realisations\/#primaryimage\",\"url\":\"https:\/\/ins-imprimerie.com\/ins-2020\/wp-content\/uploads\/2021\/01\/Fichier-18@2x-100.jpg\",\"contentUrl\":\"https:\/\/ins-imprimerie.com\/ins-2020\/wp-content\/uploads\/2021\/01\/Fichier-18@2x-100.jpg\",\"width\":846,\"height\":846},{\"@type\":\"BreadcrumbList\",\"@id\":\"https:\/\/ins-imprimerie.com\/ins-2020\/nos-realisations\/#breadcrumb\",\"itemListElement\":[{\"@type\":\"ListItem\",\"position\":1,\"name\":\"Accueil\",\"item\":\"https:\/\/ins-imprimerie.com\/ins-2020\/\"},{\"@type\":\"ListItem\",\"position\":2,\"name\":\"Nos r\u00e9alisations\"}]},{\"@type\":\"WebSite\",\"@id\":\"https:\/\/ins-imprimerie.com\/ins-2020\/#website\",\"url\":\"https:\/\/ins-imprimerie.com\/ins-2020\/\",\"name\":\"Ins-imprimerie\",\"description\":\"Impression grand format\",\"publisher\":{\"@id\":\"https:\/\/ins-imprimerie.com\/ins-2020\/#organization\"},\"potentialAction\":[{\"@type\":\"SearchAction\",\"target\":{\"@type\":\"EntryPoint\",\"urlTemplate\":\"https:\/\/ins-imprimerie.com\/ins-2020\/?s={search_term_string}\"},\"query-input\":{\"@type\":\"PropertyValueSpecification\",\"valueRequired\":true,\"valueName\":\"search_term_string\"}}],\"inLanguage\":\"fr-FR\"},{\"@type\":\"Organization\",\"@id\":\"https:\/\/ins-imprimerie.com\/ins-2020\/#organization\",\"name\":\"INS Imprimerie\",\"url\":\"https:\/\/ins-imprimerie.com\/ins-2020\/\",\"logo\":{\"@type\":\"ImageObject\",\"inLanguage\":\"fr-FR\",\"@id\":\"https:\/\/ins-imprimerie.com\/ins-2020\/#\/schema\/logo\/image\/\",\"url\":\"https:\/\/ins-imprimerie.com\/ins-2020\/wp-content\/uploads\/2021\/02\/cropped-logo-1.png\",\"contentUrl\":\"https:\/\/ins-imprimerie.com\/ins-2020\/wp-content\/uploads\/2021\/02\/cropped-logo-1.png\",\"width\":512,\"height\":512,\"caption\":\"INS Imprimerie\"},\"image\":{\"@id\":\"https:\/\/ins-imprimerie.com\/ins-2020\/#\/schema\/logo\/image\/\"},\"sameAs\":[\"https:\/\/www.facebook.com\/ins.imprimerie\",\"https:\/\/www.instagram.com\/ins.imprimerie\/\"]}]}<\/script>\n<!-- \/ Yoast SEO plugin. -->","yoast_head_json":{"title":"Nos r\u00e9alisations - INS imprimerie","robots":{"index":"index","follow":"follow","max-snippet":"max-snippet:-1","max-image-preview":"max-image-preview:large","max-video-preview":"max-video-preview:-1"},"canonical":"https:\/\/ins-imprimerie.com\/ins-2020\/nos-realisations\/","og_locale":"fr_FR","og_type":"article","og_title":"Nos r\u00e9alisations - INS imprimerie","og_description":"D\u00e9couvrez nos r\u00e9alisations Cliquez sur une des cat\u00e9gories pour voir nos r\u00e9alisations. Sc\u00e9nographie Habillage de v\u00e9hicules Am\u00e9nagement structurel PLV Envie de discuter d&rsquo;un projet ensemble ? Devis gratuit","og_url":"https:\/\/ins-imprimerie.com\/ins-2020\/nos-realisations\/","og_site_name":"INS imprimerie","article_publisher":"https:\/\/www.facebook.com\/ins.imprimerie","article_modified_time":"2021-02-04T20:53:09+00:00","og_image":[{"width":846,"height":846,"url":"https:\/\/ins-imprimerie.com\/ins-2020\/wp-content\/uploads\/2021\/01\/Fichier-18@2x-100.jpg","type":"image\/jpeg"}],"twitter_card":"summary_large_image","schema":{"@context":"https:\/\/schema.org","@graph":[{"@type":"WebPage","@id":"https:\/\/ins-imprimerie.com\/ins-2020\/nos-realisations\/","url":"https:\/\/ins-imprimerie.com\/ins-2020\/nos-realisations\/","name":"Nos r\u00e9alisations - INS imprimerie","isPartOf":{"@id":"https:\/\/ins-imprimerie.com\/ins-2020\/#website"},"primaryImageOfPage":{"@id":"https:\/\/ins-imprimerie.com\/ins-2020\/nos-realisations\/#primaryimage"},"image":{"@id":"https:\/\/ins-imprimerie.com\/ins-2020\/nos-realisations\/#primaryimage"},"thumbnailUrl":"https:\/\/ins-imprimerie.com\/ins-2020\/wp-content\/uploads\/2021\/01\/Fichier-18@2x-100.jpg","datePublished":"2020-10-27T10:46:53+00:00","dateModified":"2021-02-04T20:53:09+00:00","breadcrumb":{"@id":"https:\/\/ins-imprimerie.com\/ins-2020\/nos-realisations\/#breadcrumb"},"inLanguage":"fr-FR","potentialAction":[{"@type":"ReadAction","target":["https:\/\/ins-imprimerie.com\/ins-2020\/nos-realisations\/"]}]},{"@type":"ImageObject","inLanguage":"fr-FR","@id":"https:\/\/ins-imprimerie.com\/ins-2020\/nos-realisations\/#primaryimage","url":"https:\/\/ins-imprimerie.com\/ins-2020\/wp-content\/uploads\/2021\/01\/Fichier-18@2x-100.jpg","contentUrl":"https:\/\/ins-imprimerie.com\/ins-2020\/wp-content\/uploads\/2021\/01\/Fichier-18@2x-100.jpg","width":846,"height":846},{"@type":"BreadcrumbList","@id":"https:\/\/ins-imprimerie.com\/ins-2020\/nos-realisations\/#breadcrumb","itemListElement":[{"@type":"ListItem","position":1,"name":"Accueil","item":"https:\/\/ins-imprimerie.com\/ins-2020\/"},{"@type":"ListItem","position":2,"name":"Nos r\u00e9alisations"}]},{"@type":"WebSite","@id":"https:\/\/ins-imprimerie.com\/ins-2020\/#website","url":"https:\/\/ins-imprimerie.com\/ins-2020\/","name":"Ins-imprimerie","description":"Impression grand format","publisher":{"@id":"https:\/\/ins-imprimerie.com\/ins-2020\/#organization"},"potentialAction":[{"@type":"SearchAction","target":{"@type":"EntryPoint","urlTemplate":"https:\/\/ins-imprimerie.com\/ins-2020\/?s={search_term_string}"},"query-input":{"@type":"PropertyValueSpecification","valueRequired":true,"valueName":"search_term_string"}}],"inLanguage":"fr-FR"},{"@type":"Organization","@id":"https:\/\/ins-imprimerie.com\/ins-2020\/#organization","name":"INS Imprimerie","url":"https:\/\/ins-imprimerie.com\/ins-2020\/","logo":{"@type":"ImageObject","inLanguage":"fr-FR","@id":"https:\/\/ins-imprimerie.com\/ins-2020\/#\/schema\/logo\/image\/","url":"https:\/\/ins-imprimerie.com\/ins-2020\/wp-content\/uploads\/2021\/02\/cropped-logo-1.png","contentUrl":"https:\/\/ins-imprimerie.com\/ins-2020\/wp-content\/uploads\/2021\/02\/cropped-logo-1.png","width":512,"height":512,"caption":"INS Imprimerie"},"image":{"@id":"https:\/\/ins-imprimerie.com\/ins-2020\/#\/schema\/logo\/image\/"},"sameAs":["https:\/\/www.facebook.com\/ins.imprimerie","https:\/\/www.instagram.com\/ins.imprimerie\/"]}]}},"_links":{"self":[{"href":"https:\/\/ins-imprimerie.com\/ins-2020\/wp-json\/wp\/v2\/pages\/28","targetHints":{"allow":["GET"]}}],"collection":[{"href":"https:\/\/ins-imprimerie.com\/ins-2020\/wp-json\/wp\/v2\/pages"}],"about":[{"href":"https:\/\/ins-imprimerie.com\/ins-2020\/wp-json\/wp\/v2\/types\/page"}],"author":[{"embeddable":true,"href":"https:\/\/ins-imprimerie.com\/ins-2020\/wp-json\/wp\/v2\/users\/1"}],"replies":[{"embeddable":true,"href":"https:\/\/ins-imprimerie.com\/ins-2020\/wp-json\/wp\/v2\/comments?post=28"}],"version-history":[{"count":5,"href":"https:\/\/ins-imprimerie.com\/ins-2020\/wp-json\/wp\/v2\/pages\/28\/revisions"}],"predecessor-version":[{"id":3316,"href":"https:\/\/ins-imprimerie.com\/ins-2020\/wp-json\/wp\/v2\/pages\/28\/revisions\/3316"}],"wp:attachment":[{"href":"https:\/\/ins-imprimerie.com\/ins-2020\/wp-json\/wp\/v2\/media?parent=28"}],"curies":[{"name":"wp","href":"https:\/\/api.w.org\/{rel}","templated":true}]}}